{"id":60,"date":"2016-07-07T10:45:56","date_gmt":"2016-07-07T08:45:56","guid":{"rendered":"http:\/\/calvoysalcines.com\/?page_id=60"},"modified":"2017-12-11T13:39:49","modified_gmt":"2017-12-11T12:39:49","slug":"productos","status":"publish","type":"page","link":"https:\/\/calvoysalcines.com\/pt\/productos\/","title":{"rendered":"Produtos"},"content":{"rendered":"<div style=\"text-align: center; padding: 20px\";><img decoding=\"async\" src=\"http:\/\/calvoysalcines.com\/wp-content\/uploads\/2016\/07\/banner-productos_pt.jpg\" alt=\"banner-productos_pt\" width=\"90%\" class=\"aligncenter size-full wp-image-308\" srcset=\"https:\/\/calvoysalcines.com\/wp-content\/uploads\/2016\/07\/banner-productos_pt.jpg 1200w, https:\/\/calvoysalcines.com\/wp-content\/uploads\/2016\/07\/banner-productos_pt-300x50.jpg 300w, https:\/\/calvoysalcines.com\/wp-content\/uploads\/2016\/07\/banner-productos_pt-768x128.jpg 768w, https:\/\/calvoysalcines.com\/wp-content\/uploads\/2016\/07\/banner-productos_pt-1024x171.jpg 1024w, https:\/\/calvoysalcines.com\/wp-content\/uploads\/2016\/07\/banner-productos_pt-100x17.jpg 100w, https:\/\/calvoysalcines.com\/wp-content\/uploads\/2016\/07\/banner-productos_pt-150x25.jpg 150w, https:\/\/calvoysalcines.com\/wp-content\/uploads\/2016\/07\/banner-productos_pt-200x33.jpg 200w, https:\/\/calvoysalcines.com\/wp-content\/uploads\/2016\/07\/banner-productos_pt-450x75.jpg 450w, https:\/\/calvoysalcines.com\/wp-content\/uploads\/2016\/07\/banner-productos_pt-600x100.jpg 600w, https:\/\/calvoysalcines.com\/wp-content\/uploads\/2016\/07\/banner-productos_pt-900x150.jpg 900w\" sizes=\"(max-width: 1200px) 100vw, 1200px\" \/><\/div>\n<blockquote><p>Nosso trabalho \u00e9 fornecer mat\u00e9rias-primas com as melhores condi\u00e7\u00f5es de pre\u00e7os e qualidade para nossos clientes. <br \/> Prote\u00ednas, co-produtos e cereais est\u00e3o no nosso dia a dia.<\/p><\/blockquote>\n<p>[ezcol_1third style=&#8221;padding: 10 px; text-align: center;&#8221;]<img loading=\"lazy\" decoding=\"async\" src=\"http:\/\/calvoysalcines.com\/wp-content\/uploads\/2016\/07\/proteinas.jpg\" alt=\"prote\u00ednas\" width=\"175\" height=\"167\" class=\"aligncenter size-full wp-image-195\" srcset=\"https:\/\/calvoysalcines.com\/wp-content\/uploads\/2016\/07\/proteinas.jpg 175w, https:\/\/calvoysalcines.com\/wp-content\/uploads\/2016\/07\/proteinas-100x95.jpg 100w, https:\/\/calvoysalcines.com\/wp-content\/uploads\/2016\/07\/proteinas-150x143.jpg 150w\" sizes=\"(max-width: 175px) 100vw, 175px\" \/><\/p>\n<h4>Prote\u00ednas<\/h4>\n<p>A farinha de soja e suas alternativas em tempos de mercados convulsivos s\u00e3o uma parte importante do nosso portf\u00f3lio.<\/p>\n<p><a href=\"\/pt\/productos\/harina-de-soja\">Farinha de Soja \u00bb<\/a><br \/>\n<a href=\"\/pt\/productos\/harina-de-colza\">Farinha de Colza \u00bb<\/a><br \/>\n<a href=\"\/pt\/productos\/harina-de-girasol\">Farinha de Girassol \u00bb<\/a><br \/>\n<a href=\"\/pt\/productos\/ddgs\">DDG\u00b4s \u00bb<\/a><br \/>\n[\/ezcol_1third]<\/p>\n<p>[ezcol_1third style=&#8221;padding: 10 px; text-align: center;&#8221;]<img loading=\"lazy\" decoding=\"async\" src=\"http:\/\/calvoysalcines.com\/wp-content\/uploads\/2016\/07\/coproductosjpg.jpg\" alt=\"co-produtos\" width=\"175\" height=\"167\" class=\"aligncenter size-full wp-image-187\" srcset=\"https:\/\/calvoysalcines.com\/wp-content\/uploads\/2016\/07\/coproductosjpg.jpg 175w, https:\/\/calvoysalcines.com\/wp-content\/uploads\/2016\/07\/coproductosjpg-100x95.jpg 100w, https:\/\/calvoysalcines.com\/wp-content\/uploads\/2016\/07\/coproductosjpg-150x143.jpg 150w\" sizes=\"(max-width: 175px) 100vw, 175px\" \/><\/p>\n<h4>Co-produtos<\/strong><\/h4>\n<p>Os verdadeiros reguladores dos pre\u00e7os das f\u00f3rmulas s\u00e3o uma parte importante na prepara\u00e7\u00e3o do mesmo, dependendo dos ingredientes nobres.<\/p>\n<p><a href=\"\/pt\/productos\/pulpa\">Polpa \u00bb<\/a><br \/>\n<a href=\"\/pt\/productos\/cascarilla-de-soja\">Casca de Soja \u00bb<\/a><br \/>\n<a href=\"\/pt\/productos\/palmiste\">Palmiste \u00bb<\/a><br \/>\n<a href=\"\/pt\/productos\/salvado\">Farelo \u00bb<\/a><br \/>\n[\/ezcol_1third]<\/p>\n<p>[ezcol_1third_end style=&#8221;padding: 10 px; text-align: center;&#8221;]<img loading=\"lazy\" decoding=\"async\" src=\"http:\/\/calvoysalcines.com\/wp-content\/uploads\/2016\/07\/cereales.jpg\" alt=\"cereais\" width=\"175\" height=\"167\" class=\"aligncenter size-full wp-image-194\" srcset=\"https:\/\/calvoysalcines.com\/wp-content\/uploads\/2016\/07\/cereales.jpg 175w, https:\/\/calvoysalcines.com\/wp-content\/uploads\/2016\/07\/cereales-100x95.jpg 100w, https:\/\/calvoysalcines.com\/wp-content\/uploads\/2016\/07\/cereales-150x143.jpg 150w\" sizes=\"(max-width: 175px) 100vw, 175px\" \/><\/p>\n<h4>Cereais<\/h4>\n<p>Sua presen\u00e7a maiorit\u00e1ria nas ra\u00e7\u00f5es e o car\u00e1ter de d\u00e9ficit de nosso pa\u00eds, faz com que nossa posi\u00e7\u00e3o nos mercados nacionais e estrangeiros confere-nos uma posi\u00e7\u00e3o privilegiada na oferta do mesmo.<\/p>\n<p><a href=\"\/pt\/productos\/cebada\">Cevada \u00bb<\/a><br \/>\n<a href=\"\/pt\/productos\/maiz\">Milho \u00bb<\/a><br \/>\n<a href=\"\/pt\/productos\/trigo\">Trigo \u00bb<\/a><br \/>\n<a href=\"\/pt\/productos\/centeno\">Centeio \u00bb<\/a><br \/>\n<a href=\"\/pt\/productos\/avena\">Aveia \u00bb<\/a><br \/>\n[\/ezcol_1third_end]<\/p>\n","protected":false},"excerpt":{"rendered":"<p>Nosso trabalho \u00e9 fornecer mat\u00e9rias-primas com as melhores condi\u00e7\u00f5es de &hellip;<\/p>\n<p class=\"read-more\"> <a class=\"more-link\" href=\"https:\/\/calvoysalcines.com\/pt\/productos\/\"> <span class=\"screen-reader-text\">Produtos<\/span> Read More &raquo;<\/a><\/p>\n","protected":false},"author":2,"featured_media":0,"parent":0,"menu_order":0,"comment_status":"closed","ping_status":"closed","template":"full-width-page.php","meta":{"footnotes":""},"translation":{"provider":"WPGlobus","version":"3.0.2","language":"pt","enabled_languages":["es","en","pt"],"languages":{"es":{"title":true,"content":true,"excerpt":false},"en":{"title":true,"content":true,"excerpt":false},"pt":{"title":true,"content":true,"excerpt":false}}},"_links":{"self":[{"href":"https:\/\/calvoysalcines.com\/pt\/wp-json\/wp\/v2\/pages\/60"}],"collection":[{"href":"https:\/\/calvoysalcines.com\/pt\/wp-json\/wp\/v2\/pages"}],"about":[{"href":"https:\/\/calvoysalcines.com\/pt\/wp-json\/wp\/v2\/types\/page"}],"author":[{"embeddable":true,"href":"https:\/\/calvoysalcines.com\/pt\/wp-json\/wp\/v2\/users\/2"}],"replies":[{"embeddable":true,"href":"https:\/\/calvoysalcines.com\/pt\/wp-json\/wp\/v2\/comments?post=60"}],"version-history":[{"count":53,"href":"https:\/\/calvoysalcines.com\/pt\/wp-json\/wp\/v2\/pages\/60\/revisions"}],"predecessor-version":[{"id":433,"href":"https:\/\/calvoysalcines.com\/pt\/wp-json\/wp\/v2\/pages\/60\/revisions\/433"}],"wp:attachment":[{"href":"https:\/\/calvoysalcines.com\/pt\/wp-json\/wp\/v2\/media?parent=60"}],"curies":[{"name":"wp","href":"https:\/\/api.w.org\/{rel}","templated":true}]}}