{"id":24,"date":"2016-07-01T09:37:27","date_gmt":"2016-07-01T07:37:27","guid":{"rendered":"http:\/\/calvoysalcines.com\/?page_id=24"},"modified":"2017-11-20T09:59:12","modified_gmt":"2017-11-20T08:59:12","slug":"historia","status":"publish","type":"page","link":"https:\/\/calvoysalcines.com\/pt\/historia\/","title":{"rendered":"Hist\u00f3ria"},"content":{"rendered":"<div style=\"text-align: center; padding: 20px;\"><img decoding=\"async\" class=\"aligncenter size-full wp-image-317\" src=\"http:\/\/calvoysalcines.com\/wp-content\/uploads\/2016\/07\/banner_historia_pt.jpg\" alt=\"banner_historia_pt\" width=\"90%\" srcset=\"https:\/\/calvoysalcines.com\/wp-content\/uploads\/2016\/07\/banner_historia_pt.jpg 1200w, https:\/\/calvoysalcines.com\/wp-content\/uploads\/2016\/07\/banner_historia_pt-300x50.jpg 300w, https:\/\/calvoysalcines.com\/wp-content\/uploads\/2016\/07\/banner_historia_pt-768x128.jpg 768w, https:\/\/calvoysalcines.com\/wp-content\/uploads\/2016\/07\/banner_historia_pt-1024x171.jpg 1024w, https:\/\/calvoysalcines.com\/wp-content\/uploads\/2016\/07\/banner_historia_pt-100x17.jpg 100w, https:\/\/calvoysalcines.com\/wp-content\/uploads\/2016\/07\/banner_historia_pt-150x25.jpg 150w, https:\/\/calvoysalcines.com\/wp-content\/uploads\/2016\/07\/banner_historia_pt-200x33.jpg 200w, https:\/\/calvoysalcines.com\/wp-content\/uploads\/2016\/07\/banner_historia_pt-450x75.jpg 450w, https:\/\/calvoysalcines.com\/wp-content\/uploads\/2016\/07\/banner_historia_pt-600x100.jpg 600w, https:\/\/calvoysalcines.com\/wp-content\/uploads\/2016\/07\/banner_historia_pt-900x150.jpg 900w\" sizes=\"(max-width: 1200px) 100vw, 1200px\" \/><\/div>\n<p><strong>Calvo y Salcines, S.A.<\/strong> \u00e9 uma empresa familiar que vem operando h\u00e1 mais de 80 anos no com\u00e9rcio de mat\u00e9rias-primas para alimenta\u00e7\u00e3o animal.<\/p>\n<p>Localizado em Santander, nosso escopo de a\u00e7\u00e3o \u00e9 desenvolvido em toda a Pen\u00ednsula, tanto nos portos como no interior, o que nos permite um monitoramento exaustivo dos produtos desde sua origem at\u00e9 o destino, assegurando a rastreabilidade e seguran\u00e7a deles.<\/p>\n<p>Nossos anos de experi\u00eancia e a facilidade de adapta\u00e7\u00e3o a esse mercado, que mudou h\u00e1 muito tempo, significam que nossos clientes podem contar com Calvo e Salcines, S.A. para tomar decis\u00f5es sobre suas compras.<\/p>\n<blockquote><p>Nosso equipe de profissionais tem como objetivo principal oferecer aos nossos clientes uma ampla gama de produtos com a melhor qualidade ao melhor pre\u00e7o e assim satisfazer as necessidades de todos os nossos clientes.<\/p><\/blockquote>\n<h4>HIST\u00d3RIA<\/h4>\n<p>[ezcol_1third style=&#8221;padding: 10 px; text-align: center;&#8221;]<strong>1935 &#8211; FUNDA\u00c7AO<\/strong><br \/>\n\u00c9 feita por dois empres\u00e1rios de prest\u00edgio da Cantabria, do Sr. Jos\u00e9 Calvo Llanes e do Sr. Alfredo Salcines G\u00f3mez. Originalmente, as instala\u00e7\u00f5es estavam localizadas na rua Antonio L\u00f3pez, na primeira linha do antigo Porto de Santander, onde residia toda a atividade portu\u00e1ria. Em nossas instala\u00e7\u00f5es, diferentes tipos de cereais, alimentos e leguminosas foram armazenados, mo\u00eddos e ensacados para consumo humano.[\/ezcol_1third][ezcol_1third style=&#8221;padding: 10 px; text-align: center;&#8221;]<strong>1974 \u2013 NOVAS INSTALA\u00c7\u00d5ES<\/strong><br \/>Toda a atividade da Companhia \u00e9 transferida para a Avenida de Parayas, onde atualmente est\u00e1 localizada, expandindo consideravelmente devido ao crescimento e desenvolvimento do neg\u00f3cio. Estes estavam localizados na nova \u00e1rea industrial e de expans\u00e3o de Santander e muito perto das novas docas do Porto. Neles, continuou com o trabalho de armazenamento, moagem e ensacamento, com novas m\u00e1quinas de \u00faltima gera\u00e7\u00e3o para esse tempo.[\/ezcol_1third][ezcol_1third_end style=&#8221;padding: 10 px; text-align: center;&#8221;]<strong>2007 \u2013 ESTRAT\u00c9GIA<\/strong><br \/>Com a entrada em vigor da regulamenta\u00e7\u00e3o europeia sobre seguran\u00e7a alimentar animal e com a virada que o setor fez, n\u00e3o se considera conveniente manter o modelo comercial atividade de moagem e ensacamento, procedendo ao fechamento do mesmo, mantendo e maximizando nossa atividade comercial, que inclui a importa\u00e7\u00e3o-exporta\u00e7\u00e3o.[\/ezcol_1third_end]<\/p>\n<\/p>\n<p>[ezcol_1third style=&#8221;padding: 10 px; text-align: center;&#8221;]<strong>2008 \u2013 PROPRIEDADE<\/strong><br \/>A totalidade da propriedade da Companhia est\u00e1 concentrada nos dois filhos dos fundadores, e os acionistas da Companhia, o Sr. Jos\u00e9 Mar\u00eda Calvo P\u00e9rez e o Sr. Alfredo Salcines Correa, juntando-se \u00e0 segunda gera\u00e7\u00e3o na longa hist\u00f3ria da Companhia.[\/ezcol_1third][ezcol_1third style=&#8221;padding: 10 px; text-align: center;&#8221;]<strong>2015 \u2013 80 ANIVERS\u00c1RIO<\/strong><br \/>Nossa empresa ganhou 80 anos desde sua funda\u00e7\u00e3o. Marco com o qual agradecemos aos nossos clientes, fornecedores, funcion\u00e1rios e rede comercial, a confian\u00e7a e a dedica\u00e7\u00e3o \u00e0 nossa Empresa.[\/ezcol_1third][ezcol_1third_end style=&#8221;padding: 10 px; text-align: center;&#8221;]<strong>ATUALIDADE E FUTURO<\/strong><br \/>Novas linhas de neg\u00f3cios, expans\u00e3o de mercados e produtos, juntamente com a ilus\u00e3o e o trabalho que vem espiando desde o primeiro dia junto com a confian\u00e7a de clientes e fornecedores, nos permitem pensar em passar mais 80 anos mais. OBRIGADO !![\/ezcol_1third_end]<\/p>\n","protected":false},"excerpt":{"rendered":"<p>Calvo y Salcines, S.A. \u00e9 uma empresa familiar que vem &hellip;<\/p>\n<p class=\"read-more\"> <a class=\"more-link\" href=\"https:\/\/calvoysalcines.com\/pt\/historia\/\"> <span class=\"screen-reader-text\">Hist\u00f3ria<\/span> Read More &raquo;<\/a><\/p>\n","protected":false},"author":2,"featured_media":0,"parent":0,"menu_order":0,"comment_status":"closed","ping_status":"closed","template":"","meta":{"footnotes":""},"translation":{"provider":"WPGlobus","version":"3.0.2","language":"pt","enabled_languages":["es","en","pt"],"languages":{"es":{"title":true,"content":true,"excerpt":false},"en":{"title":true,"content":true,"excerpt":false},"pt":{"title":true,"content":true,"excerpt":false}}},"_links":{"self":[{"href":"https:\/\/calvoysalcines.com\/pt\/wp-json\/wp\/v2\/pages\/24"}],"collection":[{"href":"https:\/\/calvoysalcines.com\/pt\/wp-json\/wp\/v2\/pages"}],"about":[{"href":"https:\/\/calvoysalcines.com\/pt\/wp-json\/wp\/v2\/types\/page"}],"author":[{"embeddable":true,"href":"https:\/\/calvoysalcines.com\/pt\/wp-json\/wp\/v2\/users\/2"}],"replies":[{"embeddable":true,"href":"https:\/\/calvoysalcines.com\/pt\/wp-json\/wp\/v2\/comments?post=24"}],"version-history":[{"count":34,"href":"https:\/\/calvoysalcines.com\/pt\/wp-json\/wp\/v2\/pages\/24\/revisions"}],"predecessor-version":[{"id":351,"href":"https:\/\/calvoysalcines.com\/pt\/wp-json\/wp\/v2\/pages\/24\/revisions\/351"}],"wp:attachment":[{"href":"https:\/\/calvoysalcines.com\/pt\/wp-json\/wp\/v2\/media?parent=24"}],"curies":[{"name":"wp","href":"https:\/\/api.w.org\/{rel}","templated":true}]}}