{"id":405,"date":"2017-12-11T12:51:49","date_gmt":"2017-12-11T11:51:49","guid":{"rendered":"http:\/\/calvoysalcines.com\/?page_id=405"},"modified":"2017-12-11T13:19:44","modified_gmt":"2017-12-11T12:19:44","slug":"pulpa","status":"publish","type":"page","link":"https:\/\/calvoysalcines.com\/en\/productos\/pulpa\/","title":{"rendered":"Pulp"},"content":{"rendered":"<div class=\"responsive-tabs\">\n<h2 class=\"tabtitle\">PULPA DE C\u00cdTRICOS<\/h2>\n<div class=\"tabcontent\">\n\n<p>Subproducto  obtenido  mediante  prensado  de  c\u00edtricos  \u201cCitrus  spp\u201d,  durante  la  elaboraci\u00f3n  de zumos. Constituido por piel, pulpa y frutos de desecho.<\/p>\n<table width=100%\">\n<tr>\n<td colspan=3 bgcolor=\"#F0F0F0\">\n<h4>Inspecci\u00f3n en recepci\u00f3n<\/h4>\n<\/td>\n<\/tr>\n<tr>\n<td bgcolor=\"#F0F0F0\"><strong>Control<\/strong><\/td>\n<td bgcolor=\"#F0F0F0\"><strong>Caracter\u00edsticas<\/strong><\/td>\n<td bgcolor=\"#F0F0F0\"><strong>Nominal<\/strong><\/td>\n<\/tr>\n<tr>\n<td rowspan=7>Organol\u00e9ptico y Microgr\u00e1fico:<\/td>\n<td>\u2022 Producto apelmazado y\/o enmohecido<\/td>\n<td>Ausencia<\/td>\n<\/tr>\n<tr>\n<td>\u2022 Insectos y\/o producto atacado por insectos<\/td>\n<td>Ausencia<\/td>\n<\/tr>\n<tr>\n<tr>\n<td>\u2022 Productos diferentes a los c\u00edtricos<\/td>\n<td>Ausencia<\/td>\n<\/tr>\n<tr>\n<td>\u2022 Temperatura ambiente \u2013 Temperatura del lote<\/td>\n<td>< 10\u00baC<\/td>\n<\/tr>\n<tr>\n<td>\u2022 Impurezas minerales<\/td>\n<td>Ausencia<\/td>\n<\/tr>\n<tr>\n<td>\u2022 Impurezas bot\u00e1nicas<\/td>\n<td>< 5%<\/td>\n<\/tr>\n<\/table>\n<table width=100%\">\n<tr>\n<td colspan=5 bgcolor=\"#F0F0F0\">\n<h4>Especificaciones<\/h4>\n<\/td>\n<\/tr>\n<tr>\n<td colspan=5 bgcolor=\"#F0F0F0\"><strong>C. % Sobre producto tal cual.<\/strong><\/td>\n<\/tr>\n<tr>\n<td bgcolor=\"#F0F0F0\"><strong>An\u00e1lisis<\/strong><\/td>\n<td bgcolor=\"#F0F0F0\"><strong>Nominal<\/strong><\/td>\n<td bgcolor=\"#F0F0F0\"><strong>Tolerancia<\/strong><\/td>\n<td bgcolor=\"#F0F0F0\"><strong>Periodicidad<\/strong><\/td>\n<td bgcolor=\"#F0F0F0\"><strong>Ensayos<\/strong><\/td>\n<\/tr>\n<tr>\n<td bgcolor=\"#FFFFFF\">Humedad<\/td>\n<td bgcolor=\"#FFFFFF\"> <\/td>\n<td bgcolor=\"#FFFFFF\">M\u00e1x. 12<\/td>\n<td bgcolor=\"#FFFFFF\">Cada Lote<\/td>\n<td bgcolor=\"#FFFFFF\">RD 2257\/1994 n\u00ba6<\/td>\n<\/tr>\n<tr>\n<td bgcolor=\"#FBFBFB\">Prote\u00edna Bruta<\/td>\n<td bgcolor=\"#FBFBFB\">6,4<\/td>\n<td bgcolor=\"#FBFBFB\">\u00b11,0<\/td>\n<td bgcolor=\"#FBFBFB\">Nuevo producto proveedor<\/td>\n<td bgcolor=\"#FBFBFB\">RD 2257\/1994 n\u00ba3 o NF  V 18-120  Dumas<\/td>\n<\/tr>\n<tr>\n<td bgcolor=\"#FFFFFF\">Fibra Bruta<\/td>\n<td bgcolor=\"#FFFFFF\">13,3<\/td>\n<td bgcolor=\"#FFFFFF\">\u00b12<\/td>\n<td bgcolor=\"#FFFFFF\">Cada Lote<\/td>\n<td bgcolor=\"#FFFFFF\">RD 2257\/1994 n\u00ba7 o Fibersac<\/td>\n<\/tr>\n<tr>\n<td bgcolor=\"#FBFBFB\">FND<\/td>\n<td bgcolor=\"#FBFBFB\">24,6<\/td>\n<td bgcolor=\"#FBFBFB\">\u00b13,0<\/td>\n<td bgcolor=\"#FBFBFB\">Nuevo producto proveedor<\/td>\n<td bgcolor=\"#FBFBFB\">NFV 18-122<\/td>\n<\/tr>\n<tr>\n<td bgcolor=\"#FFFFFF\">FAD<\/td>\n<td bgcolor=\"#FFFFFF\">18,5<\/td>\n<td bgcolor=\"#FFFFFF\">\u00b12,0<\/td>\n<td bgcolor=\"#FFFFFF\">Nuevo producto proveedor<\/td>\n<td bgcolor=\"#FFFFFF\">NFV 18-122<\/td>\n<\/tr>\n<tr>\n<td bgcolor=\"#FBFBFB\">LAD<\/td>\n<td bgcolor=\"#FBFBFB\">1,9<\/td>\n<td bgcolor=\"#FBFBFB\">\u00b10,5<\/td>\n<td bgcolor=\"#FBFBFB\">Nuevo producto proveedor<\/td>\n<td bgcolor=\"#FBFBFB\">NFV 18-122<\/td>\n<\/tr>\n<tr>\n<td bgcolor=\"#FFFFFF\">Cenizas<\/td>\n<td bgcolor=\"#FFFFFF\"> <\/td>\n<td bgcolor=\"#FFFFFF\">M\u00e1x 8<\/td>\n<td bgcolor=\"#FFFFFF\">Cada lote<\/td>\n<td bgcolor=\"#FFFFFF\">RD 2257\/1994 n\u00ba12<\/td>\n<\/tr>\n<tr>\n<td bgcolor=\"#FBFBFB\">Calcio<\/td>\n<td bgcolor=\"#FBFBFB\">1,5<\/td>\n<td bgcolor=\"#FBFBFB\">\u00b10,5<\/td>\n<td bgcolor=\"#FBFBFB\">Cada 3 lotes<\/td>\n<td bgcolor=\"#FBFBFB\">RD 2257\/1994 n\u00ba10<\/td>\n<\/tr>\n<tr>\n<td bgcolor=\"#FFFFFF\">Az\u00facares totales<\/td>\n<td bgcolor=\"#FFFFFF\">20<\/td>\n<td bgcolor=\"#FFFFFF\">\u00b12<\/td>\n<td bgcolor=\"#FFFFFF\">Cada 3 lotes<\/td>\n<td bgcolor=\"#FFFFFF\">RD 2257\/1994 n\u00ba8<\/td>\n<\/tr>\n<tr>\n<td bgcolor=\"#FBFBFB\">Dioxinas pg I-TEQ\/kg<sup>*<\/sup><\/td>\n<td bgcolor=\"#FBFBFB\"> <\/td>\n<td bgcolor=\"#FBFBFB\">M\u00e1x. 500<\/td>\n<td bgcolor=\"#FBFBFB\">Nuevo producto proveedor<\/td>\n<td bgcolor=\"#FBFBFB\">US EPA 8290<\/td>\n<\/tr>\n<\/table>\n<p><small>* De obligado cumplimiento (R.D. 747\/2001)<\/small><\/p>\n<table width=100%\">\n<tr>\n<td colspan=5 bgcolor=\"#F0F0F0\"><strong>C.2 RESIDUOS: Concentraci\u00f3n Sobre producto tal cual.<\/strong><\/td>\n<\/tr>\n<tr>\n<td bgcolor=\"#F0F0F0\"><strong>An\u00e1lisis<\/strong><\/td>\n<td bgcolor=\"#F0F0F0\"><strong>Nominal<\/strong><\/td>\n<td bgcolor=\"#F0F0F0\"><strong>Tolerancia<\/strong><\/td>\n<td bgcolor=\"#F0F0F0\"><strong>Periodicidad<\/strong><\/td>\n<td bgcolor=\"#F0F0F0\"><strong>Ensayos<\/strong><\/td>\n<\/tr>\n<tr>\n<td bgcolor=\"#FFFFFF\">AFLATOXINA B1<sup>*<\/sup> \u00b5g\/kg (ppb)<\/td>\n<td bgcolor=\"#FFFFFF\">&#8211;<\/td>\n<td bgcolor=\"#FFFFFF\">< 50<\/td>\n<td bgcolor=\"#FFFFFF\">Cada 3 lotes<\/td>\n<td bgcolor=\"#FFFFFF\">Test Elisa<\/td>\n<\/tr>\n<tr>\n<td bgcolor=\"#FCFCFC\">PESTICIDAS CLORADOS<sup>**<\/sup> \u00b5g\/kg (ppb)<\/td>\n<td bgcolor=\"#FCFCFC\">&#8211;<\/td>\n<td bgcolor=\"#FCFCFC\">< 10<\/td>\n<td bgcolor=\"#FCFCFC\">Nuevo producto proveedor<\/td>\n<td bgcolor=\"#FCFCFC\">Test Elisa<\/td>\n<\/tr>\n<\/table>\n<p><small>* De obligado cumplimiento (Orden 11.10.88)<br \/>** De obligado cumplimiento (Dir. 29\/99)<\/small><\/p>\n<table width=100%\">\n<tr>\n<td colspan=5 bgcolor=\"#F0F0F0\"><strong>C.3 MICROBIOL\u00d3GICO: Concentraci\u00f3n Sobre producto tal cual.<\/strong><\/td>\n<\/tr>\n<tr>\n<td bgcolor=\"#F0F0F0\"><strong>An\u00e1lisis<\/strong><\/td>\n<td bgcolor=\"#F0F0F0\"><strong>Nominal<\/strong><\/td>\n<td bgcolor=\"#F0F0F0\"><strong>Tolerancia<\/strong><\/td>\n<td bgcolor=\"#F0F0F0\"><strong>Periodicidad<\/strong><\/td>\n<td bgcolor=\"#F0F0F0\"><strong>Ensayos<\/strong><\/td>\n<\/tr>\n<tr>\n<td bgcolor=\"#FFFFFF\">AEROBIOS TOTALES ufc\/g<\/td>\n<td bgcolor=\"#FFFFFF\"> <\/td>\n<td bgcolor=\"#FFFFFF\">< 10<sup>6<\/sup><\/td>\n<td bgcolor=\"#FFFFFF\">Nuevo producto proveedor<\/td>\n<td bgcolor=\"#FFFFFF\">FDA (1995) 8\u00aa ed.<\/td>\n<\/tr>\n<tr>\n<td bgcolor=\"#FCFCFC\">COLIFORMES ufc\/g<\/td>\n<td bgcolor=\"#FCFCFC\"> <\/td>\n<td bgcolor=\"#FCFCFC\">< 10<sup>2<\/sup><\/td>\n<td bgcolor=\"#FCFCFC\">Nuevo producto proveedor<\/td>\n<td bgcolor=\"#FCFCFC\">FDA (1995) 8\u00aa ed.<\/td>\n<\/tr>\n<tr>\n<td bgcolor=\"#FFFFFF\">ESCHERICHIA COLI<sup>*<\/sup> ufc\/g<\/td>\n<td bgcolor=\"#FFFFFF\">Ausencia<\/td>\n<td bgcolor=\"#FFFFFF\"> <\/td>\n<td bgcolor=\"#FFFFFF\">Cada 3 lotes<\/td>\n<td bgcolor=\"#FFFFFF\">FDA (1995) 8\u00aa ed.<\/td>\n<\/tr>\n<tr>\n<td bgcolor=\"#FCFCFC\">ESTAFILOCOCOS<sup>*<\/sup> ufc\/g<\/td>\n<td bgcolor=\"#FCFCFC\"> <\/td>\n<td bgcolor=\"#FCFCFC\">M\u00e1x 10<\/td>\n<td bgcolor=\"#FCFCFC\">Cada 3 lotes<\/td>\n<td bgcolor=\"#FCFCFC\">FDA (1995) 8\u00aa ed.<\/td>\n<\/tr>\n<tr>\n<td bgcolor=\"#FFFFFF\">SALMONELLA<sup>*<\/sup> ufc\/25 g<\/td>\n<td bgcolor=\"#FFFFFF\">Ausencia<\/td>\n<td bgcolor=\"#FFFFFF\"> <\/td>\n<td bgcolor=\"#FFFFFF\">Cada 3 lotes<\/td>\n<td bgcolor=\"#FFFFFF\">FDA (1995) 8\u00aa ed.<\/td>\n<\/tr>\n<\/table>\n<p><small>* De obligado cumplimiento (Orden 15.02.88)<\/small><\/p>\n<table width=100%\">\n<tr>\n<td colspan=5 bgcolor=\"#F0F0F0\"><strong>D. CONTROLDE PROVEEDORES.<\/strong><\/td>\n<\/tr>\n<tr>\n<td colspan=5 bgcolor=\"#F0F0F0\">Con respecto a esta materia prima, los riesgos por malas pr\u00e1cticas de fabricaci\u00f3n, contaminaci\u00f3n o fraude se consideran poco probables.<br \/>\nUna concentraci\u00f3n de hongos superior a 100.000 esporas por g puede indicar problemas de conservaci\u00f3n o de almacenamiento prolongado de la materia prima, y<br \/>\npuede sugerir el inter\u00e9s de la utilizaci\u00f3n de productos fungicidas.<br \/>\nEn principio deber\u00eda especificarse en los contratos de compra al menos el valor de Humedad, Cenizas y Fibra.<br \/>\nEl proveedor debe garantizar que el Hidr\u00f3xido c\u00e1lcico utilizado para facilitar la deshidrataci\u00f3n del producto es apto para la alimentaci\u00f3n humana y animal (E526, corrector de pH).<br \/>\nDeclaraci\u00f3n obligatoria (RD 1333\/99): Fibra Bruta.<\/td>\n<\/tr>\n<\/table>\n\n<\/div><h2 class=\"tabtitle\">PULPA DE REMOLACHA<\/h2>\n<div class=\"tabcontent\">\n\n<p>Subproducto de la fabricaci\u00f3n del az\u00facar constituido por trozos extra\u00eddos y desecados de remolacha azucarera \u201cBeta vulgaris L. Spp. Vulgaris\u201d var. \u201caltissima Doell\u201d<\/p>\n<tr>\n<td colspan=3 bgcolor=\"#F0F0F0\">\n<h4>Inspecci\u00f3n en recepci\u00f3n<\/h4>\n<\/td>\n<\/tr>\n<tr>\n<td bgcolor=\"#F0F0F0\"><strong>Control<\/strong><\/td>\n<td bgcolor=\"#F0F0F0\"><strong>Caracter\u00edsticas<\/strong><\/td>\n<td bgcolor=\"#F0F0F0\"><strong>Nominal<\/strong><\/td>\n<\/tr>\n<tr>\n<td rowspan=7>Organol\u00e9ptico y Microgr\u00e1fico:<\/td>\n<td>\u2022 Producto apelmazado y\/o enmohecido<\/td>\n<td>Ausencia<\/td>\n<\/tr>\n<tr>\n<td>\u2022 Insectos y\/o producto atacado por insectos<\/td>\n<td>Ausencia<\/td>\n<\/tr>\n<tr>\n<tr>\n<td>\u2022 Productos diferentes a la remolacha<\/td>\n<td>Ausencia<\/td>\n<\/tr>\n<tr>\n<td>\u2022 Temperatura ambiente \u2013 Temperatura del lote<\/td>\n<td>< 10\u00baC<\/td>\n<\/tr>\n<tr>\n<td>\u2022 Impurezas minerales<\/td>\n<td>Ausencia<\/td>\n<\/tr>\n<tr>\n<td>\u2022 Impurezas bot\u00e1nicas<\/td>\n<td>< 5%<\/td>\n<\/tr>\n<\/table>\n<table width=100%\">\n<tr>\n<td colspan=5 bgcolor=\"#F0F0F0\">\n<h4>Especificaciones<\/h4>\n<\/td>\n<\/tr>\n<tr>\n<td colspan=5 bgcolor=\"#F0F0F0\"><strong>C1. PROXIMAL:% Sobre producto tal cual.<\/strong><\/td>\n<\/tr>\n<tr>\n<td bgcolor=\"#F0F0F0\"><strong>An\u00e1lisis<\/strong><\/td>\n<td bgcolor=\"#F0F0F0\"><strong>Nominal<\/strong><\/td>\n<td bgcolor=\"#F0F0F0\"><strong>Tolerancia<\/strong><\/td>\n<td bgcolor=\"#F0F0F0\"><strong>Periodicidad<\/strong><\/td>\n<td bgcolor=\"#F0F0F0\"><strong>Ensayos<\/strong><\/td>\n<\/tr>\n<tr>\n<td bgcolor=\"#FFFFFF\">Humedad<\/td>\n<td bgcolor=\"#FFFFFF\"> <\/td>\n<td bgcolor=\"#FFFFFF\">M\u00e1x. 13<\/td>\n<td bgcolor=\"#FFFFFF\">Cada Lote<\/td>\n<td bgcolor=\"#FFFFFF\">RD 2257\/1994 n\u00ba6<\/td>\n<\/tr>\n<tr>\n<td bgcolor=\"#FBFBFB\">Prote\u00edna Bruta<\/td>\n<td bgcolor=\"#FBFBFB\">10,1<\/td>\n<td bgcolor=\"#FBFBFB\">\u00b11,0<\/td>\n<td bgcolor=\"#FBFBFB\">Cada 3 lotes<\/td>\n<td bgcolor=\"#FBFBFB\">RD 2257\/1994 n\u00ba3 o NF  V 18-120  Dumas<\/td>\n<\/tr>\n<tr>\n<td bgcolor=\"#FFFFFF\">Fibra Bruta<\/td>\n<td bgcolor=\"#FFFFFF\">17,8<\/td>\n<td bgcolor=\"#FFFFFF\">\u00b12<\/td>\n<td bgcolor=\"#FFFFFF\">Cada Lote<\/td>\n<td bgcolor=\"#FFFFFF\">RD 2257\/1994 n\u00ba7 o Fibersac<\/td>\n<\/tr>\n<tr>\n<td bgcolor=\"#FBFBFB\">FND<\/td>\n<td bgcolor=\"#FBFBFB\">42,8<\/td>\n<td bgcolor=\"#FBFBFB\">\u00b13,0<\/td>\n<td bgcolor=\"#FBFBFB\">Nuevo producto proveedor<\/td>\n<td bgcolor=\"#FBFBFB\">NFV 18-122<\/td>\n<\/tr>\n<tr>\n<td bgcolor=\"#FFFFFF\">FAD<\/td>\n<td bgcolor=\"#FFFFFF\">22,9<\/td>\n<td bgcolor=\"#FFFFFF\">\u00b12,0<\/td>\n<td bgcolor=\"#FFFFFF\">Nuevo producto proveedor<\/td>\n<td bgcolor=\"#FFFFFF\">NFV 18-122<\/td>\n<\/tr>\n<tr>\n<td bgcolor=\"#FBFBFB\">LAD<\/td>\n<td bgcolor=\"#FBFBFB\">1,7<\/td>\n<td bgcolor=\"#FBFBFB\">\u00b10,5<\/td>\n<td bgcolor=\"#FBFBFB\">Nuevo producto proveedor<\/td>\n<td bgcolor=\"#FBFBFB\">NFV 18-122<\/td>\n<\/tr>\n<tr>\n<td bgcolor=\"#FFFFFF\">Cenizas<\/td>\n<td bgcolor=\"#FFFFFF\"> <\/td>\n<td bgcolor=\"#FFFFFF\">M\u00e1x 9,0<\/td>\n<td bgcolor=\"#FFFFFF\">Cada lote<\/td>\n<td bgcolor=\"#FFFFFF\">RD 2257\/1994 n\u00ba12<\/td>\n<\/tr>\n<tr>\n<td bgcolor=\"#FBFBFB\">Insolubles HCl, % MS<sup>*<\/sup><\/td>\n<td bgcolor=\"#FBFBFB\"> <\/td>\n<td bgcolor=\"#FBFBFB\">M\u00e1x. 4,5<\/td>\n<td bgcolor=\"#FBFBFB\">Cada 3 lotes<\/td>\n<td bgcolor=\"#FBFBFB\">RD 2257\/1994 n\u00ba23<\/td>\n<\/tr>\n<\/table>\n<p><small>* De obligado cumplimiento (R.D. 1333\/99)<\/small><\/p>\n<table width=100%\">\n<tr>\n<td colspan=5 bgcolor=\"#F0F0F0\"><strong>C.2 RESIDUOS: Concentraci\u00f3n Sobre producto tal cual.<\/strong><\/td>\n<\/tr>\n<tr>\n<td bgcolor=\"#F0F0F0\"><strong>An\u00e1lisis<\/strong><\/td>\n<td bgcolor=\"#F0F0F0\"><strong>Nominal<\/strong><\/td>\n<td bgcolor=\"#F0F0F0\"><strong>Tolerancia<\/strong><\/td>\n<td bgcolor=\"#F0F0F0\"><strong>Periodicidad<\/strong><\/td>\n<td bgcolor=\"#F0F0F0\"><strong>Ensayos<\/strong><\/td>\n<\/tr>\n<tr>\n<td bgcolor=\"#FFFFFF\">AFLATOXINA B1<sup>*<\/sup> \u00b5g\/kg (ppb)<\/td>\n<td bgcolor=\"#FFFFFF\">&#8211;<\/td>\n<td bgcolor=\"#FFFFFF\">< 50<\/td>\n<td bgcolor=\"#FFFFFF\">Nuevo producto proveedor<\/td>\n<td bgcolor=\"#FFFFFF\">Test Elisa<\/td>\n<\/tr>\n<tr>\n<td bgcolor=\"#FCFCFC\">PESTICIDAS CLORADOS<sup>**<\/sup> \u00b5g\/kg (ppb)<\/td>\n<td bgcolor=\"#FCFCFC\">&#8211;<\/td>\n<td bgcolor=\"#FCFCFC\">< 10<\/td>\n<td bgcolor=\"#FCFCFC\">Nuevo producto proveedor<\/td>\n<td bgcolor=\"#FCFCFC\">Test Elisa<\/td>\n<\/tr>\n<\/table>\n<p><small>* De obligado cumplimiento (R.D. 747\/2001)<br \/>** De obligado cumplimiento (Dir. 29\/99)<\/small><\/p>\n<table width=100%\">\n<tr>\n<td colspan=5 bgcolor=\"#F0F0F0\"><strong>C.3 MICROBIOL\u00d3GICO: Concentraci\u00f3n Sobre producto tal cual.<\/strong><\/td>\n<\/tr>\n<tr>\n<td bgcolor=\"#F0F0F0\"><strong>An\u00e1lisis<\/strong><\/td>\n<td bgcolor=\"#F0F0F0\"><strong>Nominal<\/strong><\/td>\n<td bgcolor=\"#F0F0F0\"><strong>Tolerancia<\/strong><\/td>\n<td bgcolor=\"#F0F0F0\"><strong>Periodicidad<\/strong><\/td>\n<td bgcolor=\"#F0F0F0\"><strong>Ensayos<\/strong><\/td>\n<\/tr>\n<tr>\n<td bgcolor=\"#FFFFFF\">AEROBIOS TOTALES ufc\/g<\/td>\n<td bgcolor=\"#FFFFFF\"> <\/td>\n<td bgcolor=\"#FFFFFF\">< 10<sup>6<\/sup><\/td>\n<td bgcolor=\"#FFFFFF\">Nuevo producto proveedor<\/td>\n<td bgcolor=\"#FFFFFF\">FDA (1995) 8\u00aa ed.<\/td>\n<\/tr>\n<tr>\n<td bgcolor=\"#FCFCFC\">COLIFORMES ufc\/g<\/td>\n<td bgcolor=\"#FCFCFC\"> <\/td>\n<td bgcolor=\"#FCFCFC\">< 10<sup>2<\/sup><\/td>\n<td bgcolor=\"#FCFCFC\">Nuevo producto proveedor<\/td>\n<td bgcolor=\"#FCFCFC\">FDA (1995) 8\u00aa ed.<\/td>\n<\/tr>\n<tr>\n<td bgcolor=\"#FFFFFF\">ESCHERICHIA COLI<sup>*<\/sup> ufc\/g<\/td>\n<td bgcolor=\"#FFFFFF\">Ausencia<\/td>\n<td bgcolor=\"#FFFFFF\"> <\/td>\n<td bgcolor=\"#FFFFFF\">Nuevo producto proveedor<\/td>\n<td bgcolor=\"#FFFFFF\">FDA (1995) 8\u00aa ed.<\/td>\n<\/tr>\n<tr>\n<td bgcolor=\"#FCFCFC\">ESTAFILOCOCOS<sup>*<\/sup> ufc\/g<\/td>\n<td bgcolor=\"#FCFCFC\"> <\/td>\n<td bgcolor=\"#FCFCFC\">M\u00e1x 10<\/td>\n<td bgcolor=\"#FCFCFC\">Nuevo producto proveedor<\/td>\n<td bgcolor=\"#FCFCFC\">FDA (1995) 8\u00aa ed.<\/td>\n<\/tr>\n<tr>\n<td bgcolor=\"#FFFFFF\">SALMONELLA<sup>*<\/sup> ufc\/25 g<\/td>\n<td bgcolor=\"#FFFFFF\">Ausencia<\/td>\n<td bgcolor=\"#FFFFFF\"> <\/td>\n<td bgcolor=\"#FFFFFF\">Nuevo producto proveedor<\/td>\n<td bgcolor=\"#FFFFFF\">FDA (1995) 8\u00aa ed.<\/td>\n<\/tr>\n<\/table>\n<p><small>* De obligado cumplimiento (Orden 15.02.88)<\/small><\/p>\n<table width=100%\">\n<tr>\n<td colspan=5 bgcolor=\"#F0F0F0\"><strong>D. CONTROLDE PROVEEDORES.<\/strong><\/td>\n<\/tr>\n<tr>\n<td colspan=5 bgcolor=\"#F0F0F0\">Con respecto a esta materia prima, los riesgos por malas pr\u00e1cticas de fabricaci\u00f3n, o  fraude  se  consideran  poco  probables.  Algunas  partidas  pueden  presentar contaminaci\u00f3n por tierra.<br \/>\nUna concentraci\u00f3n de hongos superior a 100.000 esporas por g puede indicar problemas de conservaci\u00f3n o de almacenamiento prolongado de la materia prima, y<br \/>\npuede sugerir el inter\u00e9s de la utilizaci\u00f3n de productos fungicidas.<br \/>\nEn principio deber\u00eda especificarse en los contratos de compra al menos el valor de Humedad, Fibra e Insolubles en HCl. Exenta de melaza y vinazas.<br \/>\nDeclaraci\u00f3n obligatoria (RD 1333\/99): Az\u00facares totales (cuando > 10,5%) e Insolubles en HCl (cuando > 3,5% MS). <\/td>\n<\/tr>\n<\/table>\n<\/div><\/div>\n","protected":false},"excerpt":{"rendered":"<p>Subproducto obtenido mediante prensado de c\u00edtricos \u201cCitrus spp\u201d, durante la &hellip;<\/p>\n<p class=\"read-more\"> <a class=\"more-link\" href=\"https:\/\/calvoysalcines.com\/en\/productos\/pulpa\/\"> <span class=\"screen-reader-text\">Pulp<\/span> Read More &raquo;<\/a><\/p>\n","protected":false},"author":2,"featured_media":0,"parent":60,"menu_order":0,"comment_status":"closed","ping_status":"closed","template":"","meta":{"footnotes":""},"translation":{"provider":"WPGlobus","version":"3.0.2","language":"en","enabled_languages":["es","en","pt"],"languages":{"es":{"title":true,"content":true,"excerpt":false},"en":{"title":true,"content":false,"excerpt":false},"pt":{"title":true,"content":false,"excerpt":false}}},"_links":{"self":[{"href":"https:\/\/calvoysalcines.com\/en\/wp-json\/wp\/v2\/pages\/405"}],"collection":[{"href":"https:\/\/calvoysalcines.com\/en\/wp-json\/wp\/v2\/pages"}],"about":[{"href":"https:\/\/calvoysalcines.com\/en\/wp-json\/wp\/v2\/types\/page"}],"author":[{"embeddable":true,"href":"https:\/\/calvoysalcines.com\/en\/wp-json\/wp\/v2\/users\/2"}],"replies":[{"embeddable":true,"href":"https:\/\/calvoysalcines.com\/en\/wp-json\/wp\/v2\/comments?post=405"}],"version-history":[{"count":11,"href":"https:\/\/calvoysalcines.com\/en\/wp-json\/wp\/v2\/pages\/405\/revisions"}],"predecessor-version":[{"id":420,"href":"https:\/\/calvoysalcines.com\/en\/wp-json\/wp\/v2\/pages\/405\/revisions\/420"}],"up":[{"embeddable":true,"href":"https:\/\/calvoysalcines.com\/en\/wp-json\/wp\/v2\/pages\/60"}],"wp:attachment":[{"href":"https:\/\/calvoysalcines.com\/en\/wp-json\/wp\/v2\/media?parent=405"}],"curies":[{"name":"wp","href":"https:\/\/api.w.org\/{rel}","templated":true}]}}