{"id":394,"date":"2017-12-11T12:32:06","date_gmt":"2017-12-11T11:32:06","guid":{"rendered":"http:\/\/calvoysalcines.com\/?page_id=394"},"modified":"2017-12-11T12:51:03","modified_gmt":"2017-12-11T11:51:03","slug":"ddgs","status":"publish","type":"page","link":"http:\/\/calvoysalcines.com\/pt\/productos\/ddgs\/","title":{"rendered":"DDG&#8217;s"},"content":{"rendered":"<div class=\"responsive-tabs\">\n<h2 class=\"tabtitle\">DDG's<\/h2>\n<div class=\"tabcontent\">\n\n<h4>Granos y solubles de maiz<\/h4>\n<p>Subproducto  de  destiler\u00eda  obtenido  mediante  secado  de  los  residuos  del  proceso de obtenci\u00f3n de etanol a partir del grano de ma\u00edz.<\/p>\n<table width=100%\">\n<tr>\n<td colspan=3 bgcolor=\"#F0F0F0\">\n<h4>Inspecci\u00f3n en recepci\u00f3n<\/h4>\n<\/td>\n<\/tr>\n<tr>\n<td bgcolor=\"#F0F0F0\"><strong>Control<\/strong><\/td>\n<td bgcolor=\"#F0F0F0\"><strong>Caracter\u00edsticas<\/strong><\/td>\n<td bgcolor=\"#F0F0F0\"><strong>Nominal<\/strong><\/td>\n<\/tr>\n<tr>\n<td rowspan=7>Organol\u00e9ptico y Microgr\u00e1fico:<\/td>\n<td>\u2022 Producto apelmazado y\/o enmohecido<\/td>\n<td>Ausencia<\/td>\n<\/tr>\n<tr>\n<td>\u2022 Productos ajenos al ma\u00edz<\/td>\n<td>Ausencia<\/td>\n<\/tr>\n<tr>\n<tr>\n<td>\u2022 Part\u00edculas quemadas<\/td>\n<td>Ausencia<\/td>\n<\/tr>\n<tr>\n<td>\u2022 Color<\/td>\n<td>Beige oscuro<\/td>\n<\/tr>\n<tr>\n<td>\u2022 Palatabilidad seg\u00fan color:<br \/>\n<span style=\"width:50px; height:25px; background-color:#E7A239;\">\u00a0\u00a0\u00a0\u00a0\u00a0<\/span>\u00a0Normal<br \/>\n<span style=\"width:50px; height:25px; background-color:#BC5B04;\">\u00a0\u00a0\u00a0\u00a0\u00a0<\/span>\u00a0Regular<br \/>\n<span style=\"width:50px; height:25px; background-color:#943000;\">\u00a0\u00a0\u00a0\u00a0\u00a0<\/span>\u00a0Mala\n<\/td>\n<td>\u00a0<\/td>\n<\/tr>\n<tr>\n<td>\u2022 Temperatura ambiente \u2013 Temperatura del lote<\/td>\n<td>< 10\u00baC<\/td>\n<\/tr>\n<tr>\n<td>\u2022 Impurezas minerales: carbonato c\u00e1lcico<\/td>\n<td>< 0,5%<\/td>\n<\/tr>\n<\/table>\n<table width=100%\">\n<tr>\n<td colspan=5 bgcolor=\"#F0F0F0\">\n<h4>Especificaciones<\/h4>\n<\/td>\n<\/tr>\n<tr>\n<td colspan=5 bgcolor=\"#F0F0F0\"><strong>C.1 PROXIMAL: % Sobre producto tal cual.<\/strong><\/td>\n<\/tr>\n<tr>\n<td bgcolor=\"#F0F0F0\"><strong>An\u00e1lisis<\/strong><\/td>\n<td bgcolor=\"#F0F0F0\"><strong>Nominal<\/strong><\/td>\n<td bgcolor=\"#F0F0F0\"><strong>Tolerancia<\/strong><\/td>\n<td bgcolor=\"#F0F0F0\"><strong>Periodicidad<\/strong><\/td>\n<td bgcolor=\"#F0F0F0\"><strong>Ensayos<\/strong><\/td>\n<\/tr>\n<tr>\n<td bgcolor=\"#FFFFFF\">Humedad<\/td>\n<td bgcolor=\"#FFFFFF\"> <\/td>\n<td bgcolor=\"#FFFFFF\">M\u00e1x. 12,5<\/td>\n<td bgcolor=\"#FFFFFF\">Cada Lote<\/td>\n<td bgcolor=\"#FFFFFF\">RD 2257\/1994 n\u00ba6<\/td>\n<\/tr>\n<tr>\n<td bgcolor=\"#FBFBFB\">Prote\u00edna Bruta<\/td>\n<td bgcolor=\"#FBFBFB\">24,5<\/td>\n<td bgcolor=\"#FBFBFB\">\u00b12,5<\/td>\n<td bgcolor=\"#FBFBFB\">Cada Lote<\/td>\n<td bgcolor=\"#FBFBFB\">RD 2257\/1994 n\u00ba3 o NF  V 18-120  Dumas<\/td>\n<\/tr>\n<tr>\n<td bgcolor=\"#FFFFFF\">Extracto Et\u00e9reo<\/td>\n<td bgcolor=\"#FFFFFF\">9,8<\/td>\n<td bgcolor=\"#FFFFFF\">\u00b13<\/td>\n<td bgcolor=\"#FFFFFF\">Cada Lote<\/td>\n<td bgcolor=\"#FFFFFF\">RD 609\/1999 n\u00ba 4<\/td>\n<\/tr>\n<tr>\n<td bgcolor=\"#FBFBFB\">Fibra Bruta<\/td>\n<td bgcolor=\"#FBFBFB\">8,0<\/td>\n<td bgcolor=\"#FBFBFB\">\u00b12<\/td>\n<td bgcolor=\"#FBFBFB\">Cada Lote<\/td>\n<td bgcolor=\"#FBFBFB\">RD 2257\/1994 n\u00ba7 o Fibersac<\/td>\n<\/tr>\n<tr>\n<td bgcolor=\"#FFFFFF\">Almid\u00f3n<\/td>\n<td bgcolor=\"#FFFFFF\">8,7<\/td>\n<td bgcolor=\"#FFFFFF\">\u00b12<\/td>\n<td bgcolor=\"#FFFFFF\">Nuevo producto proveedor<\/td>\n<td bgcolor=\"#FFFFFF\">Orden 16.02.00<\/td>\n<\/tr>\n<tr>\n<td bgcolor=\"#FBFBFB\">Cenizas<\/td>\n<td bgcolor=\"#FBFBFB\"> <\/td>\n<td bgcolor=\"#FBFBFB\">M\u00e1x 7<\/td>\n<td bgcolor=\"#FBFBFB\">Nuevo producto proveedor<\/td>\n<td bgcolor=\"#FBFBFB\">RD 2257\/1994 n\u00ba12<\/td>\n<\/tr>\n<\/table>\n<table width=100%\">\n<tr>\n<td colspan=5 bgcolor=\"#F0F0F0\"><strong>C.2 RESIDUOS: Concentraci\u00f3n Sobre producto tal cual.<\/strong><\/td>\n<\/tr>\n<tr>\n<td bgcolor=\"#F0F0F0\"><strong>An\u00e1lisis<\/strong><\/td>\n<td bgcolor=\"#F0F0F0\"><strong>Nominal<\/strong><\/td>\n<td bgcolor=\"#F0F0F0\"><strong>Tolerancia<\/strong><\/td>\n<td bgcolor=\"#F0F0F0\"><strong>Periodicidad<\/strong><\/td>\n<td bgcolor=\"#F0F0F0\"><strong>Ensayos<\/strong><\/td>\n<\/tr>\n<tr>\n<td bgcolor=\"#FFFFFF\">AFLATOXINA B1<sup>*<\/sup> \u00b5g\/kg (ppb)<\/td>\n<td bgcolor=\"#FFFFFF\">&#8211;<\/td>\n<td bgcolor=\"#FFFFFF\">< 20<\/td>\n<td bgcolor=\"#FFFFFF\">Nuevo producto proveedor<\/td>\n<td bgcolor=\"#FFFFFF\">Test Elisa<\/td>\n<\/tr>\n<tr>\n<td bgcolor=\"#FCFCFC\">PESTICIDAS CLORADOS<sup>**<\/sup> \u00b5g\/kg (ppb)<\/td>\n<td bgcolor=\"#FCFCFC\">&#8211;<\/td>\n<td bgcolor=\"#FCFCFC\">< 10<\/td>\n<td bgcolor=\"#FCFCFC\">Nuevo producto proveedor<\/td>\n<td bgcolor=\"#FCFCFC\">Test Elisa<\/td>\n<\/tr>\n<\/table>\n<p><small>* De obligado cumplimiento (Orden 11.10.88)<br \/>** De obligado cumplimiento (Dir. 29\/99)<\/small><\/p>\n<table width=100%\">\n<tr>\n<td colspan=5 bgcolor=\"#F0F0F0\"><strong>C.3 MICROBIOL\u00d3GICO: Concentraci\u00f3n Sobre producto tal cual.<\/strong><\/td>\n<\/tr>\n<tr>\n<td bgcolor=\"#F0F0F0\"><strong>An\u00e1lisis<\/strong><\/td>\n<td bgcolor=\"#F0F0F0\"><strong>Nominal<\/strong><\/td>\n<td bgcolor=\"#F0F0F0\"><strong>Tolerancia<\/strong><\/td>\n<td bgcolor=\"#F0F0F0\"><strong>Periodicidad<\/strong><\/td>\n<td bgcolor=\"#F0F0F0\"><strong>Ensayos<\/strong><\/td>\n<\/tr>\n<tr>\n<td bgcolor=\"#FFFFFF\">AEROBIOS TOTALES ufc\/g<\/td>\n<td bgcolor=\"#FFFFFF\"> <\/td>\n<td bgcolor=\"#FFFFFF\">< 10<sup>6<\/sup><\/td>\n<td bgcolor=\"#FFFFFF\">Nuevo producto proveedor<\/td>\n<td bgcolor=\"#FFFFFF\">FDA (1995) 8\u00aa ed.<\/td>\n<\/tr>\n<tr>\n<td bgcolor=\"#FCFCFC\">COLIFORMES ufc\/g<\/td>\n<td bgcolor=\"#FCFCFC\"> <\/td>\n<td bgcolor=\"#FCFCFC\">< 10<sup>3<\/sup><\/td>\n<td bgcolor=\"#FCFCFC\">Nuevo producto proveedor<\/td>\n<td bgcolor=\"#FCFCFC\">FDA (1995) 8\u00aa ed.<\/td>\n<\/tr>\n<tr>\n<td bgcolor=\"#FFFFFF\">ESCHERICHIA COLI<sup>*<\/sup> ufc\/g<\/td>\n<td bgcolor=\"#FFFFFF\">Ausencia<\/td>\n<td bgcolor=\"#FFFFFF\"> <\/td>\n<td bgcolor=\"#FFFFFF\">Nuevo producto proveedor<\/td>\n<td bgcolor=\"#FFFFFF\">FDA (1995) 8\u00aa ed.<\/td>\n<\/tr>\n<tr>\n<td bgcolor=\"#FCFCFC\">ESTAFILOCOCOS<sup>*<\/sup> ufc\/g<\/td>\n<td bgcolor=\"#FCFCFC\"> <\/td>\n<td bgcolor=\"#FCFCFC\">M\u00e1x 10<\/td>\n<td bgcolor=\"#FCFCFC\">Nuevo producto proveedor<\/td>\n<td bgcolor=\"#FCFCFC\">FDA (1995) 8\u00aa ed.<\/td>\n<\/tr>\n<tr>\n<td bgcolor=\"#FFFFFF\">SALMONELLA<sup>*<\/sup> ufc\/25 g<\/td>\n<td bgcolor=\"#FFFFFF\">Ausencia<\/td>\n<td bgcolor=\"#FFFFFF\"> <\/td>\n<td bgcolor=\"#FFFFFF\">Nuevo producto proveedor<\/td>\n<td bgcolor=\"#FFFFFF\">FDA (1995) 8\u00aa ed.<\/td>\n<\/tr>\n<\/table>\n<p><small>* De obligado cumplimiento (Orden 15.02.88)<\/small><\/p>\n<table width=100%\">\n<tr>\n<td colspan=5 bgcolor=\"#F0F0F0\"><strong>D. CONTROLDE PROVEEDORES.<\/strong><\/td>\n<\/tr>\n<tr>\n<td colspan=5 bgcolor=\"#FFFFFF\">Con respecto a esta materia prima, los riesgos por malas pr\u00e1cticas de fabricaci\u00f3n, contaminaci\u00f3n  o  fraude  se  consideran  probables  por  almacenamiento  incorrecto,  que puede provocar la autocombusti\u00f3n del producto y su completa inutilizaci\u00f3n.<br \/>\nUna  concentraci\u00f3n  de  hongos  superior  a  100.000  esporas  por  g  puede  indicar problemas  de  conservaci\u00f3n  o  de  almacenamiento  prolongado  de  la  materia  prima,  y puede sugerir el inter\u00e9s de la utilizaci\u00f3n de productos fungicidas.<br \/>\nEn  principio  deber\u00eda  especificarse  en  los  contratos  de  compra  al  menos  el  valor de Humedad y Prote\u00edna Bruta.<br \/>\nDeclaraci\u00f3n obligatoria (RD 1333\/99): Prote\u00edna Bruta.<\/td>\n<\/tr>\n<\/table>\n<\/div><\/div>\n","protected":false},"excerpt":{"rendered":"<p>Granos y solubles de maiz Subproducto de destiler\u00eda obtenido mediante &hellip;<\/p>\n<p class=\"read-more\"> <a class=\"more-link\" href=\"http:\/\/calvoysalcines.com\/pt\/productos\/ddgs\/\"> <span class=\"screen-reader-text\">DDG&#8217;s<\/span> Read More &raquo;<\/a><\/p>\n","protected":false},"author":2,"featured_media":0,"parent":60,"menu_order":0,"comment_status":"closed","ping_status":"closed","template":"","meta":{"footnotes":""},"translation":{"provider":"WPGlobus","version":"3.0.2","language":"pt","enabled_languages":["es","en","pt"],"languages":{"es":{"title":true,"content":true,"excerpt":false},"en":{"title":true,"content":false,"excerpt":false},"pt":{"title":true,"content":false,"excerpt":false}}},"_links":{"self":[{"href":"http:\/\/calvoysalcines.com\/pt\/wp-json\/wp\/v2\/pages\/394"}],"collection":[{"href":"http:\/\/calvoysalcines.com\/pt\/wp-json\/wp\/v2\/pages"}],"about":[{"href":"http:\/\/calvoysalcines.com\/pt\/wp-json\/wp\/v2\/types\/page"}],"author":[{"embeddable":true,"href":"http:\/\/calvoysalcines.com\/pt\/wp-json\/wp\/v2\/users\/2"}],"replies":[{"embeddable":true,"href":"http:\/\/calvoysalcines.com\/pt\/wp-json\/wp\/v2\/comments?post=394"}],"version-history":[{"count":9,"href":"http:\/\/calvoysalcines.com\/pt\/wp-json\/wp\/v2\/pages\/394\/revisions"}],"predecessor-version":[{"id":396,"href":"http:\/\/calvoysalcines.com\/pt\/wp-json\/wp\/v2\/pages\/394\/revisions\/396"}],"up":[{"embeddable":true,"href":"http:\/\/calvoysalcines.com\/pt\/wp-json\/wp\/v2\/pages\/60"}],"wp:attachment":[{"href":"http:\/\/calvoysalcines.com\/pt\/wp-json\/wp\/v2\/media?parent=394"}],"curies":[{"name":"wp","href":"https:\/\/api.w.org\/{rel}","templated":true}]}}